{"id":9910,"date":"2021-03-17T13:44:33","date_gmt":"2021-03-17T16:44:33","guid":{"rendered":"http:\/\/dummy.xtemos.com\/woodmart-elementor\/demos\/?page_id=9910"},"modified":"2022-08-09T20:20:50","modified_gmt":"2022-08-09T23:20:50","slug":"sobre-mi","status":"publish","type":"page","link":"https:\/\/gabybernal.com\/?page_id=9910","title":{"rendered":"Sobre Mi"},"content":{"rendered":"\t\t<div data-elementor-type=\"wp-page\" data-elementor-id=\"9910\" class=\"elementor elementor-9910\">\n\t\t\t\t\t\t\t\t\t<section class=\"elementor-section elementor-top-section elementor-element elementor-element-049ec71 elementor-reverse-tablet elementor-reverse-mobile elementor-section-boxed elementor-section-height-default elementor-section-height-default wd-section-disabled\" data-id=\"049ec71\" data-element_type=\"section\">\n\t\t\t\t\t\t<div class=\"elementor-container elementor-column-gap-default\">\n\t\t\t\t\t<div class=\"elementor-column elementor-col-50 elementor-top-column elementor-element elementor-element-c506670\" data-id=\"c506670\" data-element_type=\"column\">\n\t\t\t<div class=\"elementor-widget-wrap elementor-element-populated\">\n\t\t\t\t\t\t\t\t<div class=\"elementor-element elementor-element-f2bef89 elementor-widget elementor-widget-image\" data-id=\"f2bef89\" data-element_type=\"widget\" data-widget_type=\"image.default\">\n\t\t\t\t<div class=\"elementor-widget-container\">\n\t\t\t<style>\/*! elementor - v3.6.8 - 27-07-2022 *\/\n.elementor-widget-image{text-align:center}.elementor-widget-image a{display:inline-block}.elementor-widget-image a img[src$=\".svg\"]{width:48px}.elementor-widget-image img{vertical-align:middle;display:inline-block}<\/style>\t\t\t\t\t\t\t\t\t\t\t\t<img loading=\"lazy\" decoding=\"async\" width=\"300\" height=\"300\" src=\"https:\/\/gabybernal.com\/wp-content\/uploads\/2021\/11\/232447735_138029928415382_4738127344107975057_n-300x300.jpg\" class=\"attachment-medium size-medium\" alt=\"\" srcset=\"https:\/\/gabybernal.com\/wp-content\/uploads\/2021\/11\/232447735_138029928415382_4738127344107975057_n-300x300.jpg 300w, https:\/\/gabybernal.com\/wp-content\/uploads\/2021\/11\/232447735_138029928415382_4738127344107975057_n-1020x1024.jpg 1020w, https:\/\/gabybernal.com\/wp-content\/uploads\/2021\/11\/232447735_138029928415382_4738127344107975057_n-150x151.jpg 150w, https:\/\/gabybernal.com\/wp-content\/uploads\/2021\/11\/232447735_138029928415382_4738127344107975057_n-768x771.jpg 768w, https:\/\/gabybernal.com\/wp-content\/uploads\/2021\/11\/232447735_138029928415382_4738127344107975057_n-600x600.jpg 600w, https:\/\/gabybernal.com\/wp-content\/uploads\/2021\/11\/232447735_138029928415382_4738127344107975057_n.jpg 1078w\" sizes=\"auto, (max-width: 300px) 100vw, 300px\" \/>\t\t\t\t\t\t\t\t\t\t\t\t\t\t\t<\/div>\n\t\t\t\t<\/div>\n\t\t\t\t\t<\/div>\n\t\t<\/div>\n\t\t\t\t<div class=\"elementor-column elementor-col-50 elementor-top-column elementor-element elementor-element-7d08c97\" data-id=\"7d08c97\" data-element_type=\"column\">\n\t\t\t<div class=\"elementor-widget-wrap elementor-element-populated\">\n\t\t\t\t\t\t\t\t<div class=\"elementor-element elementor-element-caf8c52 elementor-widget elementor-widget-wd_title\" data-id=\"caf8c52\" data-element_type=\"widget\" data-widget_type=\"wd_title.default\">\n\t\t\t\t<div class=\"elementor-widget-container\">\n\t\t\t\t\t\t<link rel=\"stylesheet\" id=\"wd-section-title-css\" href=\"https:\/\/gabybernal.com\/wp-content\/themes\/woodmart\/css\/parts\/el-section-title.min.css?ver=6.1.5\" type=\"text\/css\" media=\"all\" \/> \t\t\t\t\t<div class=\"title-wrapper set-mb-s reset-last-child wd-title-color-default wd-title-style-default wd-title-size-large text-left\">\n\n\t\t\t\t\t\t\t<div class=\"title-subtitle subtitle-color-default subtitle-style-default wd-fontsize-xs\">\n\t\t\t\t\tCHEF GABY BERNAL\t\t\t\t<\/div>\n\t\t\t\n\t\t\t<div class=\"liner-continer\">\n\t\t\t\t<h4 class=\"woodmart-title-container title wd-fontsize-xxl\">Un poco de mi historia...<\/h4> \n\t\t\t\t\t\t\t<\/div>\n\n\t\t\t\t\t\t\t<div class=\"title-after_title set-cont-mb-s reset-last-child wd-fontsize-s\">\n\t\t\t\t\tSoy cliente y usuaria de Thermomix desde hace 6 a\u00f1os..., la recomendaba tanto que mis amigas me sugirieron que tomara la distribuci\u00f3n.\u00a0\t\t\t\t<\/div>\n\t\t\t\t\t<\/div>\n\t\t\t\t<\/div>\n\t\t\t\t<\/div>\n\t\t\t\t<div class=\"elementor-element elementor-element-89ac823 color-scheme-inherit text-left elementor-widget elementor-widget-text-editor\" data-id=\"89ac823\" data-element_type=\"widget\" data-widget_type=\"text-editor.default\">\n\t\t\t\t<div class=\"elementor-widget-container\">\n\t\t\t<style>\/*! elementor - v3.6.8 - 27-07-2022 *\/\n.elementor-widget-text-editor.elementor-drop-cap-view-stacked .elementor-drop-cap{background-color:#818a91;color:#fff}.elementor-widget-text-editor.elementor-drop-cap-view-framed .elementor-drop-cap{color:#818a91;border:3px solid;background-color:transparent}.elementor-widget-text-editor:not(.elementor-drop-cap-view-default) .elementor-drop-cap{margin-top:8px}.elementor-widget-text-editor:not(.elementor-drop-cap-view-default) .elementor-drop-cap-letter{width:1em;height:1em}.elementor-widget-text-editor .elementor-drop-cap{float:left;text-align:center;line-height:1;font-size:50px}.elementor-widget-text-editor .elementor-drop-cap-letter{display:inline-block}<\/style>\t\t\t\t<div>En ese entonces ten\u00eda mi propia compa\u00f1\u00eda de distribuci\u00f3n de art\u00edculos promocionales, soy mam\u00e1 y generalmente ando muy apretada en tiempos pero me gustaba tanto que decid\u00ed entrarle.<\/div><div>\u00a0<\/div><div>En un inicio era solo un pasatiempo, pero la misma empresa me fue atrayendo por el sentido de pertenencia, apoyo, acompa\u00f1amiento y aprendizaje.<\/div><div>\u00a0<\/div><div><p>\u00a0<\/p><\/div>\t\t\t\t\t\t<\/div>\n\t\t\t\t<\/div>\n\t\t\t\t\t<\/div>\n\t\t<\/div>\n\t\t\t\t\t\t\t<\/div>\n\t\t<\/section>\n\t\t\t\t<section class=\"elementor-section elementor-top-section elementor-element elementor-element-5181cec elementor-section-boxed elementor-section-height-default elementor-section-height-default wd-section-disabled\" data-id=\"5181cec\" data-element_type=\"section\">\n\t\t\t\t\t\t<div class=\"elementor-container elementor-column-gap-default\">\n\t\t\t\t\t<div class=\"elementor-column elementor-col-100 elementor-top-column elementor-element elementor-element-43730ec\" data-id=\"43730ec\" data-element_type=\"column\">\n\t\t\t<div class=\"elementor-widget-wrap elementor-element-populated\">\n\t\t\t\t\t\t\t\t<div class=\"elementor-element elementor-element-c00f413 color-scheme-inherit text-left elementor-widget elementor-widget-text-editor\" data-id=\"c00f413\" data-element_type=\"widget\" data-widget_type=\"text-editor.default\">\n\t\t\t\t<div class=\"elementor-widget-container\">\n\t\t\t\t\t\t\t<div>\u00a0<\/div><div>\u00a0<\/div><div>Fue tanto mi amor por el tema culinario que entr\u00e9 a la especailidad de panader\u00eda y reposter\u00eda y ahora soy chef panadero repostero&#8230;, aparte contantemente me estoy capacitando a nuevos temas y t\u00e9cnicas.<\/div><div>\u00a0<\/div><div>Siempre me ha gustado compartir lo que me funciona, ya sean aceites esenciales o cualquier otro producto del cu\u00e1l la gente en general pueda verse beneficiada&#8230;, digamos que me gusta mucho compartir y mucho m\u00e1s cuando genero un ingreso.<\/div><div>\u00a0<\/div><div>Siempre fui el proveedor de casa al 90% y como la pandemia hizo que mi negocio de art\u00edculos promocionales se viniera abajo despu\u00e9s de 20 a\u00f1os de funcionamiento, Thermomix fue de d\u00f3nde comenc\u00e9 a generar mis mayores recursos tomando m\u00e1s enfoque y obviamente trabajando m\u00e1s, no solo en ventas sino en el proyecto de escuela culinaria con clases especializadas a la comunidad de usuarios.<\/div><div>\u00a0<\/div><div>Comenc\u00e9 dando clases de manera gratuita o con aportaci\u00f3n voluntaria y conforme fue creciendo ya se les solicita una cuota de acceso.<\/div><div>\u00a0<\/div><div>(Cocino a la par con la comunidad via zoom todos los s\u00e1bados junto con una amiga chef).<\/div><div>\u00a0<\/div><div>A partir de que la pandemia tir\u00f3 mi negocio comenc\u00e9 r\u00e1pidamente a subir el nivel en ventas y de rango en Thermomix&#8230;, (Actualmente soy l\u00edder de equipo de ventas)<\/div><div>\u00a0<\/div><div><p>El crecimeinto fue r\u00e1pido.<\/p><p>En Thermomix tengo casi 3 a\u00f1os, como l\u00edder de equipo 1 a\u00f1o y 1er generaci\u00f3n de \u00abBlakc diamond\u00bb que lo logramos solamente 12 personas como de 6,000 de todo Mexico.<\/p><\/div>\t\t\t\t\t\t<\/div>\n\t\t\t\t<\/div>\n\t\t\t\t<section class=\"elementor-section elementor-inner-section elementor-element elementor-element-47919fe elementor-section-boxed elementor-section-height-default elementor-section-height-default wd-section-disabled\" data-id=\"47919fe\" data-element_type=\"section\">\n\t\t\t\t\t\t<div class=\"elementor-container elementor-column-gap-default\">\n\t\t\t\t\t<div class=\"elementor-column elementor-col-100 elementor-inner-column elementor-element elementor-element-a3f4514\" data-id=\"a3f4514\" data-element_type=\"column\">\n\t\t\t<div class=\"elementor-widget-wrap elementor-element-populated\">\n\t\t\t\t\t\t\t\t<div class=\"elementor-element elementor-element-5956caf elementor-widget__width-auto color-scheme-inherit text-left elementor-widget elementor-widget-text-editor\" data-id=\"5956caf\" data-element_type=\"widget\" data-widget_type=\"text-editor.default\">\n\t\t\t\t<div class=\"elementor-widget-container\">\n\t\t\t\t\t\t\t<p><a href=\"https:\/\/gabybernal.com\"><strong><em>Gaby Bernal @ 2021.<\/em><\/strong><\/a><\/p>\t\t\t\t\t\t<\/div>\n\t\t\t\t<\/div>\n\t\t\t\t<div class=\"elementor-element elementor-element-47a566f elementor-widget__width-auto elementor-hidden-phone elementor-widget elementor-widget-wd_social_buttons\" data-id=\"47a566f\" data-element_type=\"widget\" data-widget_type=\"wd_social_buttons.default\">\n\t\t\t\t<div class=\"elementor-widget-container\">\n\t\t\t\t\t\t<link rel=\"stylesheet\" id=\"wd-social-icons-css\" href=\"https:\/\/gabybernal.com\/wp-content\/themes\/woodmart\/css\/parts\/el-social-icons.min.css?ver=6.1.5\" type=\"text\/css\" media=\"all\" \/> \t\t\t\n\t\t\t<div class=\"wd-social-icons text-left icons-design-colored-alt icons-size-small color-scheme-dark social-share social-form-circle\">\n\t\t\t\t\t\t\t\t\t<a rel=\"noopener noreferrer nofollow\" href=\"https:\/\/www.facebook.com\/sharer\/sharer.php?u=https:\/\/gabybernal.com\/?page_id=9910\" target=\"_blank\" class=\" wd-social-icon social-facebook\">\n\t\t\t\t\t\t<span class=\"wd-icon\"><\/span>\n\t\t\t\t\t\t\t\t\t\t\t<\/a>\n\t\t\t\t\n\t\t\t\t\t\t\t\t\t<a rel=\"noopener noreferrer nofollow\" href=\"https:\/\/twitter.com\/share?url=https:\/\/gabybernal.com\/?page_id=9910\" target=\"_blank\" class=\" wd-social-icon social-twitter\">\n\t\t\t\t\t\t<span class=\"wd-icon\"><\/span>\n\t\t\t\t\t\t\t\t\t\t\t<\/a>\n\t\t\t\t\n\t\t\t\t\n\t\t\t\t\n\t\t\t\t\n\t\t\t\t\t\t\t\t\t<a rel=\"noopener noreferrer nofollow\" href=\"https:\/\/pinterest.com\/pin\/create\/button\/?url=https:\/\/gabybernal.com\/?page_id=9910&media=https:\/\/gabybernal.com\/wp-includes\/images\/media\/default.svg&description=Sobre+Mi\" target=\"_blank\" class=\" wd-social-icon social-pinterest\">\n\t\t\t\t\t\t<span class=\"wd-icon\"><\/span>\n\t\t\t\t\t\t\t\t\t\t\t<\/a>\n\t\t\t\t\n\t\t\t\t\n\t\t\t\t\t\t\t\t\t<a rel=\"noopener noreferrer nofollow\" href=\"https:\/\/www.linkedin.com\/shareArticle?mini=true&url=https:\/\/gabybernal.com\/?page_id=9910\" target=\"_blank\" class=\" wd-social-icon social-linkedin\">\n\t\t\t\t\t\t<span class=\"wd-icon\"><\/span>\n\t\t\t\t\t\t\t\t\t\t\t<\/a>\n\t\t\t\t\n\t\t\t\t\n\t\t\t\t\n\t\t\t\t\n\t\t\t\t\n\t\t\t\t\n\t\t\t\t\n\t\t\t\t\n\t\t\t\t\n\t\t\t\t\n\t\t\t\t\t\t\t\t\n\t\t\t\t\t\t\t\t\n\t\t\t\t\n\t\t\t\t\t\t\t\t\t<a rel=\"noopener noreferrer nofollow\" href=\"https:\/\/telegram.me\/share\/url?url=https:\/\/gabybernal.com\/?page_id=9910\" target=\"_blank\" class=\" wd-social-icon social-tg\">\n\t\t\t\t\t\t<span class=\"wd-icon\"><\/span>\n\t\t\t\t\t\t\t\t\t\t\t<\/a>\n\t\t\t\t\t\t\t\t\n\t\t\t\t\n\t\t\t<\/div>\n\n\t\t\t\t<\/div>\n\t\t\t\t<\/div>\n\t\t\t\t\t<\/div>\n\t\t<\/div>\n\t\t\t\t\t\t\t<\/div>\n\t\t<\/section>\n\t\t\t\t\t<\/div>\n\t\t<\/div>\n\t\t\t\t\t\t\t<\/div>\n\t\t<\/section>\n\t\t\t\t\t\t\t<\/div>\n\t\t","protected":false},"excerpt":{"rendered":"<p>CHEF GABY BERNAL Un poco de mi historia&#8230; Soy cliente y usuaria de Thermomix desde hace 6 a\u00f1os&#8230;, la recomendaba<\/p>\n","protected":false},"author":1,"featured_media":0,"parent":0,"menu_order":0,"comment_status":"closed","ping_status":"closed","template":"","meta":{"footnotes":""},"class_list":["post-9910","page","type-page","status-publish","hentry"],"_links":{"self":[{"href":"https:\/\/gabybernal.com\/index.php?rest_route=\/wp\/v2\/pages\/9910","targetHints":{"allow":["GET"]}}],"collection":[{"href":"https:\/\/gabybernal.com\/index.php?rest_route=\/wp\/v2\/pages"}],"about":[{"href":"https:\/\/gabybernal.com\/index.php?rest_route=\/wp\/v2\/types\/page"}],"author":[{"embeddable":true,"href":"https:\/\/gabybernal.com\/index.php?rest_route=\/wp\/v2\/users\/1"}],"replies":[{"embeddable":true,"href":"https:\/\/gabybernal.com\/index.php?rest_route=%2Fwp%2Fv2%2Fcomments&post=9910"}],"version-history":[{"count":7,"href":"https:\/\/gabybernal.com\/index.php?rest_route=\/wp\/v2\/pages\/9910\/revisions"}],"predecessor-version":[{"id":12211,"href":"https:\/\/gabybernal.com\/index.php?rest_route=\/wp\/v2\/pages\/9910\/revisions\/12211"}],"wp:attachment":[{"href":"https:\/\/gabybernal.com\/index.php?rest_route=%2Fwp%2Fv2%2Fmedia&parent=9910"}],"curies":[{"name":"wp","href":"https:\/\/api.w.org\/{rel}","templated":true}]}}